{"id":376237,"date":"2025-05-19T19:13:58","date_gmt":"2025-05-19T19:13:58","guid":{"rendered":"https:\/\/checkmate.introsys.eu\/?page_id=376237"},"modified":"2025-05-28T08:33:41","modified_gmt":"2025-05-28T08:33:41","slug":"cookies-policy","status":"publish","type":"page","link":"https:\/\/checkmate.introsys.eu\/en\/cookies-policy\/","title":{"rendered":"Cookies Policy"},"content":{"rendered":"<p>[et_pb_section fb_built=&#8221;1&#8243; _builder_version=&#8221;4.16&#8243; global_colors_info=&#8221;{}&#8221;][et_pb_row _builder_version=&#8221;4.16&#8243; global_colors_info=&#8221;{}&#8221;][et_pb_column type=&#8221;4_4&#8243; _builder_version=&#8221;4.16&#8243; global_colors_info=&#8221;{}&#8221;][et_pb_text _builder_version=&#8221;4.27.4&#8243; _module_preset=&#8221;default&#8221; header_2_font=&#8221;Open Sans Condensed|700|||||||&#8221; header_2_font_size=&#8221;46px&#8221; header_3_font=&#8221;Open Sans Condensed|700|||||||&#8221; header_3_font_size=&#8221;46px&#8221; global_colors_info=&#8221;{}&#8221;]<\/p>\n<h3>Cookies Policy<\/h3>\n<p>[\/et_pb_text][et_pb_text _builder_version=&#8221;4.27.4&#8243; header_3_font=&#8221;Open Sans Condensed|700|||||||&#8221; header_3_line_height=&#8221;2.2em&#8221; vertical_offset_tablet=&#8221;0&#8243; horizontal_offset_tablet=&#8221;0&#8243; hover_enabled=&#8221;0&#8243; z_index_tablet=&#8221;0&#8243; text_text_shadow_horizontal_length_tablet=&#8221;0px&#8221; text_text_shadow_vertical_length_tablet=&#8221;0px&#8221; text_text_shadow_blur_strength_tablet=&#8221;1px&#8221; link_text_shadow_horizontal_length_tablet=&#8221;0px&#8221; link_text_shadow_vertical_length_tablet=&#8221;0px&#8221; link_text_shadow_blur_strength_tablet=&#8221;1px&#8221; ul_text_shadow_horizontal_length_tablet=&#8221;0px&#8221; ul_text_shadow_vertical_length_tablet=&#8221;0px&#8221; ul_text_shadow_blur_strength_tablet=&#8221;1px&#8221; ol_text_shadow_horizontal_length_tablet=&#8221;0px&#8221; ol_text_shadow_vertical_length_tablet=&#8221;0px&#8221; ol_text_shadow_blur_strength_tablet=&#8221;1px&#8221; quote_text_shadow_horizontal_length_tablet=&#8221;0px&#8221; quote_text_shadow_vertical_length_tablet=&#8221;0px&#8221; quote_text_shadow_blur_strength_tablet=&#8221;1px&#8221; header_text_shadow_horizontal_length_tablet=&#8221;0px&#8221; header_text_shadow_vertical_length_tablet=&#8221;0px&#8221; header_text_shadow_blur_strength_tablet=&#8221;1px&#8221; header_2_text_shadow_horizontal_length_tablet=&#8221;0px&#8221; header_2_text_shadow_vertical_length_tablet=&#8221;0px&#8221; header_2_text_shadow_blur_strength_tablet=&#8221;1px&#8221; header_3_text_shadow_horizontal_length_tablet=&#8221;0px&#8221; header_3_text_shadow_vertical_length_tablet=&#8221;0px&#8221; header_3_text_shadow_blur_strength_tablet=&#8221;1px&#8221; header_4_text_shadow_horizontal_length_tablet=&#8221;0px&#8221; header_4_text_shadow_vertical_length_tablet=&#8221;0px&#8221; header_4_text_shadow_blur_strength_tablet=&#8221;1px&#8221; header_5_text_shadow_horizontal_length_tablet=&#8221;0px&#8221; header_5_text_shadow_vertical_length_tablet=&#8221;0px&#8221; header_5_text_shadow_blur_strength_tablet=&#8221;1px&#8221; header_6_text_shadow_horizontal_length_tablet=&#8221;0px&#8221; header_6_text_shadow_vertical_length_tablet=&#8221;0px&#8221; header_6_text_shadow_blur_strength_tablet=&#8221;1px&#8221; box_shadow_horizontal_tablet=&#8221;0px&#8221; box_shadow_vertical_tablet=&#8221;0px&#8221; box_shadow_blur_tablet=&#8221;40px&#8221; box_shadow_spread_tablet=&#8221;0px&#8221; global_colors_info=&#8221;{}&#8221; sticky_enabled=&#8221;0&#8243;]<\/p>\n<p><span>This Cookie Policy was last updated in May 2025 and applies to the website <a href=\"https:\/\/checkmate.introsys.eu\/en\/\" target=\"_blank\" rel=\"noopener\">checkmate.introsys.eu<\/a> (hereinafter referred to as \u201cthe site\u201d), which uses cookies and other related technologies (for convenience, all such technologies are referred to as \u201ccookies\u201d), including those placed by third parties we engage.<\/span><\/p>\n<p>In the sections below, we inform you about the use of cookies on our site.<\/p>\n<p><strong>Information on the Concepts Covered in the Cookie Policy<\/strong><\/p>\n<p>Cookies: A cookie is a small and simple file that is sent along with the pages of this site and stored by your browser on your computer\u2019s or other device\u2019s hard drive. The information stored may be sent back to our servers or to the servers of relevant third parties during a subsequent visit.<\/p>\n<p>Scripts: A script is a piece of program code used to make our website function properly and interactively. This code runs on our server or on your device.<\/p>\n<p>Web beacons (pixel tags): A small, invisible piece of text or image on a website that is used to monitor traffic. To do this, various data about you may be stored using web beacons.<\/p>\n<p><strong>Types of Cookies<\/strong><\/p>\n<p>Necessary (technical or functional) cookies: These ensure that certain parts of the site function properly and that your user preferences are remembered. By placing functional cookies, we make it easier for you to visit our site. For example, you don\u2019t have to repeatedly enter the same information when visiting our site. We may place these cookies without your consent.<\/p>\n<p>Analytical cookies: These are used to optimize the user experience on our site by gaining insights into how the site is used. We ask for your permission to place these cookies.<\/p>\n<p>Preference and marketing cookies: These cookies or any other form of local storage are used to create user profiles for displaying advertisements or tracking the user across this or multiple websites for similar marketing purposes. We ask for your permission to place these cookies.<\/p>\n<p><strong>Social Media<\/strong><\/p>\n<p>We may include content from Facebook, Instagram, and\/or WhatsApp on the site to promote web pages (e.g., \u201clike\u201d, \u201cpin\u201d) or to share them (e.g., \u201ctweet\u201d) on social media platforms such as Facebook, Instagram, and WhatsApp. This content is embedded with code derived from these platforms and may place cookies. This content may store and process certain information for personalized advertising.<\/p>\n<p>Please read the privacy policies of these social networks (which may change regularly) to understand what they do with your (personal) data processed via these cookies. The data retrieved is anonymized as much as possible. Facebook, Instagram, and WhatsApp are based in the United States.<\/p>\n<p><strong>Consent<\/strong><\/p>\n<p>When you visit our website for the first time, a window appears requesting your authorization for the types of cookies we use. As soon as you click on \u201cSave preferences,\u201d you authorize us to use the categories of cookies and plugins you selected, as described in this Cookie Policy. You can disable cookies via your browser settings, but be aware that our website may not function properly if you do.<\/p>\n<p><strong>Privacy Policy and Protection of Your Personal Data<\/strong><\/p>\n<p>Please refer to our website for our<span>\u00a0<\/span><a href=\"https:\/\/checkmate.introsys.eu\/en\/politica-de-privacidade\/\">Privacy Policy.<\/a><\/p>\n<p><strong>Contact Details<\/strong><\/p>\n<p>For questions and\/or comments about our Cookie Policy and this statement, please contact us using the details below:<\/p>\n<p>Name: INTROSYS \u2013 Integration for Robotic Systems \u2013 Integra\u00e7\u00e3o de Sistemas Rob\u00f3ticos, S.A.<\/p>\n<p>Postal Code: Zona Industrial Vila Am\u00e9lia, Estrada dos 4 Castelos, Lote 67<\/p>\n<p>Zip code: 2950-805 Quinta do Anjo<\/p>\n<p>Country: Portugal<\/p>\n<p>Tax Number: 506 358 208<\/p>\n<p>Email: <a href=\"mailto:dpo@introsys.eu\">dpo@introsys.eu<\/a><\/p>\n<p>[\/et_pb_text][\/et_pb_column][\/et_pb_row][\/et_pb_section][et_pb_section fb_built=&#8221;1&#8243; _builder_version=&#8221;4.20.0&#8243; _module_preset=&#8221;default&#8221; background_color=&#8221;#0ba4e1&#8243; custom_padding=&#8221;20px||20px||true|&#8221; locked=&#8221;off&#8221; global_colors_info=&#8221;{}&#8221;][et_pb_row _builder_version=&#8221;4.16&#8243; _module_preset=&#8221;default&#8221; global_colors_info=&#8221;{}&#8221;][et_pb_column type=&#8221;4_4&#8243; _builder_version=&#8221;4.16&#8243; _module_preset=&#8221;default&#8221; global_colors_info=&#8221;{}&#8221;][et_pb_text _builder_version=&#8221;4.27.4&#8243; _module_preset=&#8221;default&#8221; text_text_color=&#8221;#FFFFFF&#8221; text_font_size=&#8221;17px&#8221; link_text_color=&#8221;#FFFFFF&#8221; text_orientation=&#8221;center&#8221; custom_margin=&#8221;||17px|||&#8221; global_colors_info=&#8221;{}&#8221;]<\/p>\n<p><a href=\"https:\/\/checkmate.introsys.eu\/en\/politica-de-privacidade\/\" target=\"_blank\" rel=\"noopener\">Privacy Policy<\/a> | <a href=\"https:\/\/checkmate.introsys.eu\/en\/cookies-policy\/\" target=\"_blank\" rel=\"noopener\">Cookies Policy<\/a> | <a href=\"https:\/\/checkmate.introsys.eu\/en\/resolucao-de-conflitos\/\" target=\"_blank\" rel=\"noopener\">Conflict Resolution<\/a> | <a href=\"https:\/\/www.livroreclamacoes.pt\/Inicio\/\" target=\"_blank\" rel=\"noopener\">Complaints Book<\/a><\/p>\n<p>[\/et_pb_text][et_pb_text _builder_version=&#8221;4.20.0&#8243; _module_preset=&#8221;default&#8221; text_text_color=&#8221;#FFFFFF&#8221; text_orientation=&#8221;center&#8221; custom_margin=&#8221;||12px|||&#8221; global_colors_info=&#8221;{}&#8221;]<\/p>\n<p>\u00a9 2023 INTROSYS &#8211; Projeto CHECKMATE. Todos os direitos reservados.<\/p>\n<p>[\/et_pb_text][et_pb_text _builder_version=&#8221;4.18.0&#8243; _module_preset=&#8221;default&#8221; text_text_color=&#8221;#FFFFFF&#8221; link_font=&#8221;|600|||||||&#8221; link_text_color=&#8221;#FFFFFF&#8221; text_orientation=&#8221;center&#8221; global_colors_info=&#8221;{}&#8221;]<\/p>\n<p>Desenvolvido por <a href=\"https:\/\/bestsites.pt\/\" target=\"_blank\" rel=\"noopener\">Bestsites<\/a><\/p>\n<p>[\/et_pb_text][\/et_pb_column][\/et_pb_row][\/et_pb_section]<\/p>\n","protected":false},"excerpt":{"rendered":"<p>Cookies PolicyThis Cookie Policy was last updated in May 2025 and applies to the website checkmate.introsys.eu (hereinafter referred to as \u201cthe site\u201d), which uses cookies and other related technologies (for convenience, all such technologies are referred to as \u201ccookies\u201d), including those placed by third parties we engage. In the sections below, we inform you about [&hellip;]<\/p>\n","protected":false},"author":1,"featured_media":0,"parent":0,"menu_order":0,"comment_status":"closed","ping_status":"closed","template":"","meta":{"_et_pb_use_builder":"on","_et_pb_old_content":"<p>[et_pb_section fb_built=\"1\" _builder_version=\"4.16\" global_colors_info=\"{}\"][et_pb_row _builder_version=\"4.16\" global_colors_info=\"{}\"][et_pb_column type=\"4_4\" _builder_version=\"4.16\" global_colors_info=\"{}\"][et_pb_text _builder_version=\"4.25.1\" _module_preset=\"default\" header_2_font=\"Open Sans Condensed|700|||||||\" header_2_font_size=\"46px\" header_3_font=\"Open Sans Condensed|700|||||||\" header_3_font_size=\"46px\" hover_enabled=\"0\" global_colors_info=\"{}\" sticky_enabled=\"0\"]<\/p><h3>Pol\u00edtica de Cookies<\/h3><p>[\/et_pb_text][et_pb_text _builder_version=\"4.25.1\" header_3_font=\"Open Sans Condensed|700|||||||\" header_3_line_height=\"2.2em\" vertical_offset_tablet=\"0\" horizontal_offset_tablet=\"0\" hover_enabled=\"0\" z_index_tablet=\"0\" text_text_shadow_horizontal_length_tablet=\"0px\" text_text_shadow_vertical_length_tablet=\"0px\" text_text_shadow_blur_strength_tablet=\"1px\" link_text_shadow_horizontal_length_tablet=\"0px\" link_text_shadow_vertical_length_tablet=\"0px\" link_text_shadow_blur_strength_tablet=\"1px\" ul_text_shadow_horizontal_length_tablet=\"0px\" ul_text_shadow_vertical_length_tablet=\"0px\" ul_text_shadow_blur_strength_tablet=\"1px\" ol_text_shadow_horizontal_length_tablet=\"0px\" ol_text_shadow_vertical_length_tablet=\"0px\" ol_text_shadow_blur_strength_tablet=\"1px\" quote_text_shadow_horizontal_length_tablet=\"0px\" quote_text_shadow_vertical_length_tablet=\"0px\" quote_text_shadow_blur_strength_tablet=\"1px\" header_text_shadow_horizontal_length_tablet=\"0px\" header_text_shadow_vertical_length_tablet=\"0px\" header_text_shadow_blur_strength_tablet=\"1px\" header_2_text_shadow_horizontal_length_tablet=\"0px\" header_2_text_shadow_vertical_length_tablet=\"0px\" header_2_text_shadow_blur_strength_tablet=\"1px\" header_3_text_shadow_horizontal_length_tablet=\"0px\" header_3_text_shadow_vertical_length_tablet=\"0px\" header_3_text_shadow_blur_strength_tablet=\"1px\" header_4_text_shadow_horizontal_length_tablet=\"0px\" header_4_text_shadow_vertical_length_tablet=\"0px\" header_4_text_shadow_blur_strength_tablet=\"1px\" header_5_text_shadow_horizontal_length_tablet=\"0px\" header_5_text_shadow_vertical_length_tablet=\"0px\" header_5_text_shadow_blur_strength_tablet=\"1px\" header_6_text_shadow_horizontal_length_tablet=\"0px\" header_6_text_shadow_vertical_length_tablet=\"0px\" header_6_text_shadow_blur_strength_tablet=\"1px\" box_shadow_horizontal_tablet=\"0px\" box_shadow_vertical_tablet=\"0px\" box_shadow_blur_tablet=\"40px\" box_shadow_spread_tablet=\"0px\" global_colors_info=\"{}\" sticky_enabled=\"0\"]<\/p><p>Esta Pol\u00edtica de Cookies foi atualizada pela \u00faltima vez em Maio 2025\u00a0 e aplica-se ao website<a href=\"https:\/\/checkmate.introsys.eu\/\" target=\"_blank\" rel=\"noopener\"> checkmate.introsys.eu<\/a>, doravante designado por \u201co site\u201d) que usa cookies e outras tecnologias relacionadas (por conveni\u00eancia todas as tecnologias s\u00e3o referidas como \u201ccookies\u201d), inseridos por terceiros que contratamos.<\/p><p>No pontos a seguir informamos sobre o uso de cookies em nosso site.<\/p><ol><li><strong>Informa\u00e7\u00f5es sobre os conceitos abrangidos na Pol\u00edtica de cookies<\/strong><\/li><\/ol><p>Cookies: \u00a0\u00e9 um arquivo pequeno e simples que \u00e9 enviado junto com p\u00e1ginas deste site e armazenado pelo seu browser no disco r\u00edgido do seu computador ou outro dispositivo. As informa\u00e7\u00f5es armazenadas podem ser enviadas de volta aos nossos servidores ou aos servidores dos terceiros relevantes durante uma visita subsequente.<\/p><p>Scripts: \u00e9 uma parte de c\u00f3digo de programa usado para fazer o nosso site funcionar de forma adequada e interativa. Este c\u00f3digo \u00e9 executado no nosso servidor ou no seu dispositivo.<\/p><p>Web beacon \u00a0(tag pixel): \u00a0um pequeno texto invis\u00edvel ou imagem num site que \u00e9 usado para monitorizar o tr\u00e1fego num site. Para fazer isso, v\u00e1rios dados sobre si s\u00e3o armazenados utilizando web beacons.<\/p><ol start=\"2\"><li><strong>Tipos de Cookies<\/strong><\/li><\/ol><p>Cookies Necess\u00e1rios (t\u00e9cnicos ou funcionais): garantem que certas partes do site funcionem corretamente e que suas prefer\u00eancias de utilizador permane\u00e7am conhecidas. Ao inserir cookies funcionais, facilitamos a visita ao nosso site. Dessa forma, n\u00e3o precisa inserir repetidamente as mesmas informa\u00e7\u00f5es ao visitar o nosso site. Podemos inserir esses cookies sem o seu consentimento.<\/p><p>Cookies anal\u00edticos: s\u00e3o usado para otimizar a experi\u00eancia do site, \u00a0obtendo informa\u00e7\u00f5es sobre o uso de nosso site. Pedimos sua permiss\u00e3o para inserir este tipo de cookies.<\/p><p>Cookies de prefer\u00eancia e de marketing: s\u00e3o cookies ou qualquer outra forma de armazenamento local, usados para criar perfis de usu\u00e1rio para exibir publicidade ou para rastrear o utilizador neste site ou em v\u00e1rios sites para fins semelhantes de marketing . Pedimos a sua permiss\u00e3o para inserir este tipo de cookies.<\/p><ol start=\"3\"><li><strong>Rede social<\/strong><\/li><\/ol><p>Podemos incluir no site \u00a0conte\u00fado de Facebook, Instagram e\/ou WhatsApp para promover p\u00e1ginas da web (por exemplo, \u201cgosto\u201d, \u201cpin\u201d) ou partilhar (por exemplo, \u201ctwittar\u201d) em redes sociais como Facebook, Instagram e WhatsApp. Este conte\u00fado \u00e9 incorporado com c\u00f3digo derivado de Facebook, Instagram e WhatsApp e coloca cookies. Esse conte\u00fado pode armazenar e processar determinadas informa\u00e7\u00f5es para publicidade personalizada.<\/p><p>Por favor leia a declara\u00e7\u00e3o de privacidade dessas redes sociais (que podem mudar regularmente) para saber o que eles fazem com seus dados (pessoais) que eles processam usando esses cookies. Os dados recuperados s\u00e3o anonimizados tanto quanto poss\u00edvel. O Facebook, Instagram e WhatsApp est\u00e3o localizados nos Estados Unidos.<\/p><ol start=\"4\"><li><strong>Consentimento<\/strong><\/li><\/ol><p>Quando visitar o nosso site pela primeira vez, mostramos uma janela para autorizar o tipo de cookies que utilizamos no site.. Assim que clicar em \u201cGuardar prefer\u00eancias\u201d, autoriza-nos a usar as categorias de cookies e plugins selecionados na janela, conforme descrito nesta Pol\u00edtica de Cookies. Pode desativar o uso de cookies atrav\u00e9s do seu navegador, mas observe que o nosso site pode n\u00e3o funcionar corretamente.<\/p><ol start=\"5\"><li><strong>Pol\u00edtica de Privacidade e Prote\u00e7\u00e3o dos seus dados pessoas<\/strong><\/li><\/ol><p>Consulte no website a nossa\u00a0<a href=\"\/?page_id=233948\" target=\"_blank\" rel=\"noopener\"><u>pol\u00edtica de privacidade<\/u><\/a><\/p><ol start=\"6\"><li><strong>Detalhes de contacto<\/strong><\/li><\/ol><p>Para perguntas e\/ou coment\u00e1rios sobre nossa Pol\u00edtica de Cookies e esta declara\u00e7\u00e3o, entre em contacto connosco usando os seguintes detalhes de contacto:<\/p><p>Nome: INTROSYS \u2013 Integration for Robotic Systems \u2013 Integra\u00e7\u00e3o de Sistemas Rob\u00f3ticos, S.A.<\/p><p>Endere\u00e7o: Zona Industrial Vila Am\u00e9lia, Estrada dos 4 Castelos, Lote 67<\/p><p>C\u00f3digo-Postal: 2950-805 Quinta do Anjo<\/p><p>Pa\u00eds: Portugal<\/p><p>N\u00famero Fiscal: 506 358 208<\/p><p>Email: <a href=\"mailto:dpo@introsys.eu\">dpo@introsys.eu<\/a><\/p><p>[\/et_pb_text][\/et_pb_column][\/et_pb_row][\/et_pb_section][et_pb_section fb_built=\"1\" _builder_version=\"4.16\" _module_preset=\"default\" background_color=\"#0477bd\" custom_padding=\"20px||20px||true|\" locked=\"off\" global_colors_info=\"{}\"][et_pb_row _builder_version=\"4.16\" _module_preset=\"default\" global_colors_info=\"{}\"][et_pb_column type=\"4_4\" _builder_version=\"4.16\" _module_preset=\"default\" global_colors_info=\"{}\"][et_pb_text _builder_version=\"4.16\" _module_preset=\"default\" text_text_color=\"#FFFFFF\" text_font_size=\"17px\" link_text_color=\"#FFFFFF\" text_orientation=\"center\" custom_margin=\"||17px|||\" global_colors_info=\"{}\"]<\/p><p><a href=\"\/?page_id=233948\">Pol\u00edtica de privacidade<\/a> | <a href=\"\/?page_id=233956\">Resolu\u00e7\u00e3o de conflitos<\/a> | <a href=\"https:\/\/www.livroreclamacoes.pt\/Inicio\/\" target=\"_blank\" rel=\"noopener\">Livro de reclama\u00e7\u00f5es<\/a><\/p><p>[\/et_pb_text][et_pb_text _builder_version=\"4.16\" _module_preset=\"default\" text_text_color=\"#FFFFFF\" text_orientation=\"center\" custom_margin=\"||12px|||\" global_colors_info=\"{}\"]<\/p><p>\u00a9 2022 INTROSYS - Projeto ADAM. Todos os direitos reservados.<\/p><p>[\/et_pb_text][et_pb_text _builder_version=\"4.16\" _module_preset=\"default\" text_text_color=\"#FFFFFF\" link_font=\"|600|||||||\" link_text_color=\"#FFFFFF\" text_orientation=\"center\" global_colors_info=\"{}\"]<\/p><p>Desenvolvido por <a href=\"https:\/\/bestsites.pt\/\">Bestsites<\/a><\/p><p>[\/et_pb_text][\/et_pb_column][\/et_pb_row][\/et_pb_section]<\/p>","_et_gb_content_width":"","footnotes":""},"class_list":["post-376237","page","type-page","status-publish","hentry"],"_links":{"self":[{"href":"https:\/\/checkmate.introsys.eu\/en\/wp-json\/wp\/v2\/pages\/376237","targetHints":{"allow":["GET"]}}],"collection":[{"href":"https:\/\/checkmate.introsys.eu\/en\/wp-json\/wp\/v2\/pages"}],"about":[{"href":"https:\/\/checkmate.introsys.eu\/en\/wp-json\/wp\/v2\/types\/page"}],"author":[{"embeddable":true,"href":"https:\/\/checkmate.introsys.eu\/en\/wp-json\/wp\/v2\/users\/1"}],"replies":[{"embeddable":true,"href":"https:\/\/checkmate.introsys.eu\/en\/wp-json\/wp\/v2\/comments?post=376237"}],"version-history":[{"count":8,"href":"https:\/\/checkmate.introsys.eu\/en\/wp-json\/wp\/v2\/pages\/376237\/revisions"}],"predecessor-version":[{"id":376271,"href":"https:\/\/checkmate.introsys.eu\/en\/wp-json\/wp\/v2\/pages\/376237\/revisions\/376271"}],"wp:attachment":[{"href":"https:\/\/checkmate.introsys.eu\/en\/wp-json\/wp\/v2\/media?parent=376237"}],"curies":[{"name":"wp","href":"https:\/\/api.w.org\/{rel}","templated":true}]}}